{"id":137,"date":"2025-05-08T07:50:15","date_gmt":"2025-05-08T05:50:15","guid":{"rendered":"https:\/\/web.gususergroup.de\/?page_id=137"},"modified":"2025-05-08T09:47:13","modified_gmt":"2025-05-08T07:47:13","slug":"ohne-titel","status":"publish","type":"page","link":"https:\/\/web.gususergroup.de\/","title":{"rendered":"Startseite"},"content":{"rendered":"\n<div class=\"wp-block-group alignfull has-global-padding is-layout-constrained wp-container-core-group-is-layout-d89aad35 wp-block-group-is-layout-constrained\" style=\"margin-top:0;margin-bottom:0;padding-top:var(--wp--preset--spacing--50);padding-right:var(--wp--preset--spacing--50);padding-bottom:var(--wp--preset--spacing--50);padding-left:var(--wp--preset--spacing--50)\">\n<div class=\"wp-block-columns alignwide are-vertically-aligned-center is-layout-flex wp-container-core-columns-is-layout-47c06fe3 wp-block-columns-is-layout-flex\">\n<div class=\"wp-block-column is-vertically-aligned-center is-layout-flow wp-block-column-is-layout-flow\" style=\"flex-basis:50%\">\n<h2 class=\"wp-block-heading\">Willkommen bei der GUS OS User Group<\/h2>\n\n\n\n<p>Die GUS OS User Group (kurz GUG) ist eine Interessengemeinschaft von Anwendern des ERP-Systems GUS-OS.<\/p>\n\n\n\n<p>Dabei steht die F\u00f6rderung des allgemeinen Erfahrungs- und Informationsaustausches im Vordergrund. Durch ein partnerschaftliches Verh\u00e4ltnis der Anwenderunternehmen teilen die Mitglieder ihr Wissen und ihre Ideen, um sich gegenseitig zu unterst\u00fctzen und zu inspirieren. Unser Ziel ist es, durch Austausch und Zusammenarbeit das eigene System zu optimieren und das Gesamtsystem weiterzuentwickeln. Die Interessengemeinschaft ist dabei nicht auf Gewinn ausgerichtet und die Mitgliedschaft somit kostenfrei.<\/p>\n\n\n\n<ul class=\"wp-block-list is-style-checkmark-list\">\n<li>Websessions<\/li>\n\n\n\n<li>Regionaltreffen<\/li>\n\n\n\n<li>Forum<\/li>\n\n\n\n<li>Wissensplattform<\/li>\n<\/ul>\n\n\n\n<p>Viel Spa\u00df beim Entdecken und Mitmachen!<\/p>\n\n\n\n<div class=\"wp-block-buttons is-layout-flex wp-block-buttons-is-layout-flex\">\n<div class=\"wp-block-button\"><a class=\"wp-block-button__link wp-element-button\" href=\"https:\/\/discourse.gususergroup.de\/login\">Zum Login<\/a><\/div>\n<\/div>\n<\/div>\n\n\n\n<div class=\"wp-block-column is-vertically-aligned-center is-layout-flow wp-block-column-is-layout-flow\" style=\"flex-basis:50%\">\n<figure class=\"wp-block-image size-full is-style-rounded is-style-rounded--1\"><img loading=\"lazy\" decoding=\"async\" width=\"1200\" height=\"900\" src=\"https:\/\/web.gususergroup.de\/wp-content\/uploads\/2025\/05\/collage.webp\" alt=\"\" class=\"wp-image-142\" style=\"aspect-ratio:4\/3;object-fit:cover\" srcset=\"https:\/\/web.gususergroup.de\/wp-content\/uploads\/2025\/05\/collage.webp 1200w, https:\/\/web.gususergroup.de\/wp-content\/uploads\/2025\/05\/collage-300x225.webp 300w, https:\/\/web.gususergroup.de\/wp-content\/uploads\/2025\/05\/collage-1024x768.webp 1024w, https:\/\/web.gususergroup.de\/wp-content\/uploads\/2025\/05\/collage-768x576.webp 768w\" sizes=\"auto, (max-width: 1200px) 100vw, 1200px\" \/><\/figure>\n<\/div>\n<\/div>\n<\/div>\n","protected":false},"excerpt":{"rendered":"<p>Willkommen bei der GUS OS User Group Die GUS OS User Group (kurz GUG) ist eine Interessengemeinschaft von Anwendern des ERP-Systems GUS-OS. Dabei steht die F\u00f6rderung des allgemeinen Erfahrungs- und Informationsaustausches im Vordergrund. Durch ein partnerschaftliches Verh\u00e4ltnis der Anwenderunternehmen teilen die Mitglieder ihr Wissen und ihre Ideen, um sich gegenseitig zu unterst\u00fctzen und zu inspirieren. [&hellip;]<\/p>\n","protected":false},"author":1,"featured_media":0,"parent":0,"menu_order":0,"comment_status":"closed","ping_status":"closed","template":"page-no-title","meta":{"footnotes":""},"class_list":["post-137","page","type-page","status-publish","hentry"],"_links":{"self":[{"href":"https:\/\/web.gususergroup.de\/index.php?rest_route=\/wp\/v2\/pages\/137","targetHints":{"allow":["GET"]}}],"collection":[{"href":"https:\/\/web.gususergroup.de\/index.php?rest_route=\/wp\/v2\/pages"}],"about":[{"href":"https:\/\/web.gususergroup.de\/index.php?rest_route=\/wp\/v2\/types\/page"}],"author":[{"embeddable":true,"href":"https:\/\/web.gususergroup.de\/index.php?rest_route=\/wp\/v2\/users\/1"}],"replies":[{"embeddable":true,"href":"https:\/\/web.gususergroup.de\/index.php?rest_route=%2Fwp%2Fv2%2Fcomments&post=137"}],"version-history":[{"count":5,"href":"https:\/\/web.gususergroup.de\/index.php?rest_route=\/wp\/v2\/pages\/137\/revisions"}],"predecessor-version":[{"id":147,"href":"https:\/\/web.gususergroup.de\/index.php?rest_route=\/wp\/v2\/pages\/137\/revisions\/147"}],"wp:attachment":[{"href":"https:\/\/web.gususergroup.de\/index.php?rest_route=%2Fwp%2Fv2%2Fmedia&parent=137"}],"curies":[{"name":"wp","href":"https:\/\/api.w.org\/{rel}","templated":true}]}}